{"id":584,"date":"2023-06-30T19:25:07","date_gmt":"2023-06-30T19:25:07","guid":{"rendered":"https:\/\/www.nbcdh.ca\/?page_id=584"},"modified":"2024-09-25T12:33:06","modified_gmt":"2024-09-25T12:33:06","slug":"a-propos-du-college","status":"publish","type":"page","link":"https:\/\/www.nbcdh.ca\/fr\/a-propos-du-college\/","title":{"rendered":"\u00c0 propos du coll\u00e8ge"},"content":{"rendered":"<div class=\"fusion-fullwidth fullwidth-box fusion-builder-row-1 fusion-flex-container nonhundred-percent-fullwidth non-hundred-percent-height-scrolling\" style=\"--awb-border-radius-top-left:0px;--awb-border-radius-top-right:0px;--awb-border-radius-bottom-right:0px;--awb-border-radius-bottom-left:0px;--awb-flex-wrap:wrap;\" ><div class=\"fusion-builder-row fusion-row fusion-flex-align-items-flex-start fusion-flex-content-wrap\" style=\"max-width:1664px;margin-left: calc(-4% \/ 2 );margin-right: calc(-4% \/ 2 );\"><div class=\"fusion-layout-column fusion_builder_column fusion-builder-column-0 fusion_builder_column_1_1 1_1 fusion-flex-column\" style=\"--awb-bg-size:cover;--awb-width-large:100%;--awb-margin-top-large:0px;--awb-spacing-right-large:1.92%;--awb-margin-bottom-large:0px;--awb-spacing-left-large:1.92%;--awb-width-medium:100%;--awb-spacing-right-medium:1.92%;--awb-spacing-left-medium:1.92%;--awb-width-small:100%;--awb-spacing-right-small:1.92%;--awb-spacing-left-small:1.92%;\"><div class=\"fusion-column-wrapper fusion-flex-justify-content-flex-start fusion-content-layout-column\"><div class=\"fusion-title title fusion-title-1 fusion-sep-none fusion-title-text fusion-title-size-one\"><h1 class=\"fusion-title-heading title-heading-left\" style=\"margin:0;\">\u00c0 propos de l&rsquo;Ordre<\/h1><\/div><div class=\"fusion-text fusion-text-1\"><p>L&rsquo;ordre des hygi\u00e9nistes dentaires du Nouveau-Brunswick est l&rsquo;organisme de r\u00e9glementation de la profession d&rsquo;hygi\u00e8ne dentaire pour le Nouveau-Brunswick. Le 19 juin 2009, la Loi concernant l&rsquo;ordre des hygi\u00e9nistes dentaires du Nouveau-Brunswick a re\u00e7u Sanction Royale \u00e0 l&rsquo;Assembl\u00e9e l\u00e9gislative du Nouveau-Brunswick apr\u00e8s 13 ann\u00e9es de n\u00e9gociations avec le gouvernement.<\/p>\n<p>Auparavant, la profession de l&rsquo;hygi\u00e8ne dentaire \u00e9tait r\u00e9glement\u00e9e par la Soci\u00e9t\u00e9 dentaire du Nouveau-Brunswick.<\/p>\n<p>Les fonctions primordiales de l\u2019Ordre des hygi\u00e9nistes dentaires consistent \u00e0 assurer la s\u00e9curit\u00e9 publique en :<\/p>\n<ul>\n<li>respectant et prot\u00e9geant l&rsquo;int\u00e9r\u00eat public dans la pratique de l&rsquo;hygi\u00e8ne dentaire<\/li>\n<li>r\u00e9glementant la profession d\u2019hygi\u00e8ne dentaire et de veiller \u00e0 ce que ses membres poss\u00e8dent l\u2019\u00e9ducation et les exigences requises pour la pratique d&rsquo;hygi\u00e8ne dentaire NB<\/li>\n<li>maintenant et en d\u00e9veloppant des normes d&rsquo;exercice et un code de d\u00e9ontologie pour s&rsquo;assurer que les membres soient comp\u00e9tents et maintiennent leurs comp\u00e9tences tout au long de leur carri\u00e8re ;<\/li>\n<li>Administre la loi et les r\u00e8gles et toutes les t\u00e2ches impos\u00e9es ou conf\u00e9r\u00e9 sur le Coll\u00e8ge par ou en vertu de la loi.<\/li>\n<\/ul>\n<\/div><\/div><\/div><\/div><\/div>\n","protected":false},"excerpt":{"rendered":"","protected":false},"author":1,"featured_media":0,"parent":0,"menu_order":0,"comment_status":"closed","ping_status":"closed","template":"","meta":{"footnotes":""},"class_list":["post-584","page","type-page","status-publish","hentry"],"_links":{"self":[{"href":"https:\/\/www.nbcdh.ca\/fr\/wp-json\/wp\/v2\/pages\/584","targetHints":{"allow":["GET"]}}],"collection":[{"href":"https:\/\/www.nbcdh.ca\/fr\/wp-json\/wp\/v2\/pages"}],"about":[{"href":"https:\/\/www.nbcdh.ca\/fr\/wp-json\/wp\/v2\/types\/page"}],"author":[{"embeddable":true,"href":"https:\/\/www.nbcdh.ca\/fr\/wp-json\/wp\/v2\/users\/1"}],"replies":[{"embeddable":true,"href":"https:\/\/www.nbcdh.ca\/fr\/wp-json\/wp\/v2\/comments?post=584"}],"version-history":[{"count":4,"href":"https:\/\/www.nbcdh.ca\/fr\/wp-json\/wp\/v2\/pages\/584\/revisions"}],"predecessor-version":[{"id":1367,"href":"https:\/\/www.nbcdh.ca\/fr\/wp-json\/wp\/v2\/pages\/584\/revisions\/1367"}],"wp:attachment":[{"href":"https:\/\/www.nbcdh.ca\/fr\/wp-json\/wp\/v2\/media?parent=584"}],"curies":[{"name":"wp","href":"https:\/\/api.w.org\/{rel}","templated":true}]}}