{"id":603,"date":"2023-06-30T19:58:59","date_gmt":"2023-06-30T19:58:59","guid":{"rendered":"https:\/\/www.nbcdh.ca\/?page_id=603"},"modified":"2023-09-10T01:15:17","modified_gmt":"2023-09-10T01:15:17","slug":"comite","status":"publish","type":"page","link":"https:\/\/www.nbcdh.ca\/fr\/a-propos-du-college\/comite\/","title":{"rendered":"Comit\u00e9"},"content":{"rendered":"<div class=\"fusion-fullwidth fullwidth-box fusion-builder-row-1 fusion-flex-container nonhundred-percent-fullwidth non-hundred-percent-height-scrolling\" style=\"--awb-border-radius-top-left:0px;--awb-border-radius-top-right:0px;--awb-border-radius-bottom-right:0px;--awb-border-radius-bottom-left:0px;--awb-flex-wrap:wrap;\" ><div class=\"fusion-builder-row fusion-row fusion-flex-align-items-flex-start fusion-flex-content-wrap\" style=\"max-width:1664px;margin-left: calc(-4% \/ 2 );margin-right: calc(-4% \/ 2 );\"><div class=\"fusion-layout-column fusion_builder_column fusion-builder-column-0 fusion_builder_column_1_1 1_1 fusion-flex-column\" style=\"--awb-bg-size:cover;--awb-width-large:100%;--awb-margin-top-large:0px;--awb-spacing-right-large:1.92%;--awb-margin-bottom-large:0px;--awb-spacing-left-large:1.92%;--awb-width-medium:100%;--awb-spacing-right-medium:1.92%;--awb-spacing-left-medium:1.92%;--awb-width-small:100%;--awb-spacing-right-small:1.92%;--awb-spacing-left-small:1.92%;\"><div class=\"fusion-column-wrapper fusion-flex-justify-content-flex-start fusion-content-layout-column\"><div class=\"fusion-title title fusion-title-1 fusion-sep-none fusion-title-text fusion-title-size-one\"><h1 class=\"fusion-title-heading title-heading-left\" style=\"margin:0;\">Comit\u00e9<\/h1><\/div><div class=\"fusion-text fusion-text-1\"><p><u><strong>COMIT\u00c9\u00a0DES NORMES DE PRATIQUE<\/strong><\/u><\/p>\n<p>Le Comit\u00e9 de normes de pratique est un Comit\u00e9 l\u00e9gislatif sous la section 34.1(1) de la Loi sur l&rsquo;ordre des hygi\u00e9nistes dentaires du Nouveau-Brunswick. \u00a0Le mandat de ce Comit\u00e9 consiste \u00e0 recommander au Conseil et \u00e0 au ministre\u00a0les r\u00e8gles respectant les normes de pratique en vertu des paragraphes 15 (4) et 19(7) de la loi.<\/p>\n<p><strong>Article 15 (4) fait r\u00e9f\u00e9rence \u00e0\u00a0:<\/strong><\/p>\n<ul>\n<li>15-2(h) les r\u00e8gles relatives \u00e0 la formation continue obligatoire et,<\/li>\n<li>\u00a015-2(k) les r\u00e8gles relatives aux normes de pratique et Code d&rsquo;\u00e9thique<\/li>\n<\/ul>\n<p>Article 19(7) fait\u00a0r\u00e9f\u00e9rence \u00e0 une r\u00e8gle ou la modification ou l&rsquo;abrogation d&rsquo;un r\u00e8glement concernant l&rsquo;admissibilit\u00e9 \u00e0 l&rsquo;inscription, les exigences de formation et les examens professionnels, l\u2019\u00e9ducation permanente, les normes de pratique ou de conflits d&rsquo;int\u00e9r\u00eats.<\/p>\n<p><strong>Ce comit\u00e9 est repr\u00e9sent\u00e9 par\u00a0:<\/strong><\/p>\n<ul>\n<li>2 repr\u00e9sentants d\u00e9sign\u00e9s par l\u2019Ordre des hygi\u00e9nistes dentaires du NB;<\/li>\n<li>2 dentistes nomm\u00e9s par l\u2019Ordre des hygi\u00e9nistes dentaires du NB \u00e0 partir d\u2019une liste de 5 noms soumis par la Soci\u00e9t\u00e9 dentaire du NB;<\/li>\n<li>2 repr\u00e9sentants nomm\u00e9s par le Ministre, ceux-ci repr\u00e9sentant le public.<\/li>\n<\/ul>\n<p>Membres du Comit\u00e9<\/p>\n<p><strong>Repr\u00e9sentants d\u00e9sign\u00e9s l\u2019Ordre des hygi\u00e9nistes dentaires du NB :<\/strong> Trudy McAvity, Anne Comeau<br \/>\n<strong>Dentistes:<\/strong> Dr Denis Bourgeois, Dr Donald Joyce<br \/>\n<strong>Repr\u00e9sentants du public :<\/strong> Gis\u00e8le Richard, Dana Purton Dickson<\/p>\n<\/div><\/div><\/div><\/div><\/div>\n","protected":false},"excerpt":{"rendered":"","protected":false},"author":1,"featured_media":0,"parent":584,"menu_order":0,"comment_status":"closed","ping_status":"closed","template":"","meta":{"footnotes":""},"class_list":["post-603","page","type-page","status-publish","hentry"],"_links":{"self":[{"href":"https:\/\/www.nbcdh.ca\/fr\/wp-json\/wp\/v2\/pages\/603","targetHints":{"allow":["GET"]}}],"collection":[{"href":"https:\/\/www.nbcdh.ca\/fr\/wp-json\/wp\/v2\/pages"}],"about":[{"href":"https:\/\/www.nbcdh.ca\/fr\/wp-json\/wp\/v2\/types\/page"}],"author":[{"embeddable":true,"href":"https:\/\/www.nbcdh.ca\/fr\/wp-json\/wp\/v2\/users\/1"}],"replies":[{"embeddable":true,"href":"https:\/\/www.nbcdh.ca\/fr\/wp-json\/wp\/v2\/comments?post=603"}],"version-history":[{"count":3,"href":"https:\/\/www.nbcdh.ca\/fr\/wp-json\/wp\/v2\/pages\/603\/revisions"}],"predecessor-version":[{"id":1164,"href":"https:\/\/www.nbcdh.ca\/fr\/wp-json\/wp\/v2\/pages\/603\/revisions\/1164"}],"up":[{"embeddable":true,"href":"https:\/\/www.nbcdh.ca\/fr\/wp-json\/wp\/v2\/pages\/584"}],"wp:attachment":[{"href":"https:\/\/www.nbcdh.ca\/fr\/wp-json\/wp\/v2\/media?parent=603"}],"curies":[{"name":"wp","href":"https:\/\/api.w.org\/{rel}","templated":true}]}}