{"id":612,"date":"2023-07-01T20:06:56","date_gmt":"2023-07-01T20:06:56","guid":{"rendered":"https:\/\/www.nbcdh.ca\/?page_id=612"},"modified":"2024-07-10T13:51:47","modified_gmt":"2024-07-10T13:51:47","slug":"historique","status":"publish","type":"page","link":"https:\/\/www.nbcdh.ca\/fr\/a-propos-du-college\/historique\/","title":{"rendered":"Historique"},"content":{"rendered":"<div class=\"fusion-fullwidth fullwidth-box fusion-builder-row-1 fusion-flex-container nonhundred-percent-fullwidth non-hundred-percent-height-scrolling\" style=\"--awb-border-radius-top-left:0px;--awb-border-radius-top-right:0px;--awb-border-radius-bottom-right:0px;--awb-border-radius-bottom-left:0px;--awb-flex-wrap:wrap;\" ><div class=\"fusion-builder-row fusion-row fusion-flex-align-items-flex-start fusion-flex-content-wrap\" style=\"max-width:1664px;margin-left: calc(-4% \/ 2 );margin-right: calc(-4% \/ 2 );\"><div class=\"fusion-layout-column fusion_builder_column fusion-builder-column-0 fusion_builder_column_1_1 1_1 fusion-flex-column\" style=\"--awb-bg-size:cover;--awb-width-large:100%;--awb-margin-top-large:0px;--awb-spacing-right-large:1.92%;--awb-margin-bottom-large:0px;--awb-spacing-left-large:1.92%;--awb-width-medium:100%;--awb-spacing-right-medium:1.92%;--awb-spacing-left-medium:1.92%;--awb-width-small:100%;--awb-spacing-right-small:1.92%;--awb-spacing-left-small:1.92%;\"><div class=\"fusion-column-wrapper fusion-flex-justify-content-flex-start fusion-content-layout-column\"><div class=\"fusion-title title fusion-title-1 fusion-sep-none fusion-title-text fusion-title-size-one\"><h1 class=\"fusion-title-heading title-heading-left\" style=\"margin:0;\">Historique<\/h1><\/div><div class=\"fusion-text fusion-text-1\"><p>En 1996, durant l\u2019Assembl\u00e9e g\u00e9n\u00e9rale annuelle de l\u2019Association des hygi\u00e9nistes dentaires du Nouveau-Brunswick, les membres la motion de poursuivre l\u2019autor\u00e9glementation de la profession d\u2019hygi\u00e8ne dentaire au NB.\u00a0 Treize ans plus tard, le 19 juin 2009, l&rsquo;Assembl\u00e9e l\u00e9gislative du Nouveau-Brunswick a adopt\u00e9 la Loi concernant l\u2019Ordre des hygi\u00e9nistes dentaires du NB. Auparavant, la profession d&rsquo;hygi\u00e8ne dentaire \u00e9tait r\u00e9glement\u00e9e par la Soci\u00e9t\u00e9 dentaire du Nouveau-Brunswick. Cette nouvelle loi fait en sorte que les hygi\u00e9nistes dentaires r\u00e9glementeraient leur propre profession en d\u00e9veloppant et en maintenant des normes d\u2019exercices. \u00a0M\u00eame si cette nouvelle loi a re\u00e7u la Sanction royale \u00e0 l\u2019Assembl\u00e9e l\u00e9gislative du NB, l\u2019\u00e9laboration des R\u00e8gles en vertu de la pr\u00e9sente loi n\u2019\u00e9tait pas fait accompli et demande d\u2019autre effort.<\/p>\n<p>Le processus d\u2019\u00e9laboration des R\u00e8gles a \u00e9t\u00e9 guid\u00e9 par le Conseil d\u2019administration, conseiller juridique, le Comit\u00e9 de normes d\u2019exercices, le minist\u00e8re de la Sant\u00e9, le minist\u00e8re de l&rsquo;\u00c9ducation postsecondaire, formation et du travail, les intervenants et le ministre de la Sant\u00e9. En d\u00e9cembre 2012, apr\u00e8s de nombreuses r\u00e9visions et d\u00e9bats, le ministre de la Sant\u00e9, l&rsquo;honorable Hugh J. Flemming, a approuv\u00e9 les R\u00e8gles en vertu de la Loi concernant l&rsquo;Ordre des hygi\u00e9nistes dentaires du NB permettant une augmentation du champ d\u2019exercices pour les hygi\u00e9nistes dentaires dans la province du Nouveau-Brunswick.<\/p>\n<p>\u00c0 ce moment, \u00a0le Conseil d&rsquo;OHDNB saisit cette occasion pour remercier toutes les hygi\u00e9nistes dentaires qui ont mis leur temps, efforts et leur d\u00e9vouement pour parvenir \u00e0 ce but ultime de l&rsquo;autor\u00e9glementation de la profession au NB. Il serait impossible de nommer tous les individus concern\u00e9s dans cette r\u00e9alisation pour les 16 derni\u00e8res ann\u00e9es. \u00a0Nous tenons \u00e0 remercier \u00e9galement nos coll\u00e8gues canadiens, les organismes de r\u00e9glementation provinciaux, l&rsquo;Association canadienne des hygi\u00e9nistes dentaires et toutes autres organisations nationales en hygi\u00e8ne dentaire qui ont fourni leur expertise et un soutien financier tout au long de ce processus.<\/p>\n<\/div>\n<div class=\"table-1\">\n<table width=\"100%\">\n<thead>\n<tr>\n<th colspan=\"2\" align=\"center\">PR\u00c9SIDENTS DU CONSEIL<\/th>\n<\/tr>\n<\/thead>\n<tbody>\n<tr>\n<td align=\"left\">Danielle Bertin<\/td>\n<td align=\"left\">Nov 2019-Avril 2024<\/td>\n<\/tr>\n<tr>\n<td align=\"left\">Carole Boccoz<\/td>\n<td align=\"left\">Nov 2015 &#8211; Nov 2019<\/td>\n<\/tr>\n<tr>\n<td align=\"left\">Trudy McAvity<\/td>\n<td align=\"left\">Nov 2012 &#8211; Nov 2015<\/td>\n<\/tr>\n<tr>\n<td align=\"left\">Anne Comeau<\/td>\n<td align=\"left\">Juillet 2009 &#8211; Oct 2012<\/td>\n<\/tr>\n<\/tbody>\n<\/table>\n<\/div>\n<\/div><\/div><\/div><\/div>\n","protected":false},"excerpt":{"rendered":"","protected":false},"author":1,"featured_media":0,"parent":584,"menu_order":0,"comment_status":"closed","ping_status":"closed","template":"","meta":{"footnotes":""},"class_list":["post-612","page","type-page","status-publish","hentry"],"_links":{"self":[{"href":"https:\/\/www.nbcdh.ca\/fr\/wp-json\/wp\/v2\/pages\/612","targetHints":{"allow":["GET"]}}],"collection":[{"href":"https:\/\/www.nbcdh.ca\/fr\/wp-json\/wp\/v2\/pages"}],"about":[{"href":"https:\/\/www.nbcdh.ca\/fr\/wp-json\/wp\/v2\/types\/page"}],"author":[{"embeddable":true,"href":"https:\/\/www.nbcdh.ca\/fr\/wp-json\/wp\/v2\/users\/1"}],"replies":[{"embeddable":true,"href":"https:\/\/www.nbcdh.ca\/fr\/wp-json\/wp\/v2\/comments?post=612"}],"version-history":[{"count":4,"href":"https:\/\/www.nbcdh.ca\/fr\/wp-json\/wp\/v2\/pages\/612\/revisions"}],"predecessor-version":[{"id":1340,"href":"https:\/\/www.nbcdh.ca\/fr\/wp-json\/wp\/v2\/pages\/612\/revisions\/1340"}],"up":[{"embeddable":true,"href":"https:\/\/www.nbcdh.ca\/fr\/wp-json\/wp\/v2\/pages\/584"}],"wp:attachment":[{"href":"https:\/\/www.nbcdh.ca\/fr\/wp-json\/wp\/v2\/media?parent=612"}],"curies":[{"name":"wp","href":"https:\/\/api.w.org\/{rel}","templated":true}]}}