{"id":635,"date":"2023-07-01T21:13:38","date_gmt":"2023-07-01T21:13:38","guid":{"rendered":"https:\/\/www.nbcdh.ca\/?page_id=635"},"modified":"2023-09-10T01:33:45","modified_gmt":"2023-09-10T01:33:45","slug":"qui-est-une-hygieniste-dentaire","status":"publish","type":"page","link":"https:\/\/www.nbcdh.ca\/fr\/a-propos-du-college\/qui-est-une-hygieniste-dentaire\/","title":{"rendered":"Qui est une hygi\u00e9niste dentaire"},"content":{"rendered":"<div class=\"fusion-fullwidth fullwidth-box fusion-builder-row-1 fusion-flex-container nonhundred-percent-fullwidth non-hundred-percent-height-scrolling\" style=\"--awb-border-radius-top-left:0px;--awb-border-radius-top-right:0px;--awb-border-radius-bottom-right:0px;--awb-border-radius-bottom-left:0px;--awb-flex-wrap:wrap;\" ><div class=\"fusion-builder-row fusion-row fusion-flex-align-items-flex-start fusion-flex-content-wrap\" style=\"max-width:1664px;margin-left: calc(-4% \/ 2 );margin-right: calc(-4% \/ 2 );\"><div class=\"fusion-layout-column fusion_builder_column fusion-builder-column-0 fusion_builder_column_1_1 1_1 fusion-flex-column\" style=\"--awb-bg-size:cover;--awb-width-large:100%;--awb-margin-top-large:0px;--awb-spacing-right-large:1.92%;--awb-margin-bottom-large:0px;--awb-spacing-left-large:1.92%;--awb-width-medium:100%;--awb-spacing-right-medium:1.92%;--awb-spacing-left-medium:1.92%;--awb-width-small:100%;--awb-spacing-right-small:1.92%;--awb-spacing-left-small:1.92%;\"><div class=\"fusion-column-wrapper fusion-flex-justify-content-flex-start fusion-content-layout-column\"><div class=\"fusion-title title fusion-title-1 fusion-sep-none fusion-title-text fusion-title-size-one\"><h1 class=\"fusion-title-heading title-heading-left\" style=\"margin:0;\">Qui est une hygi\u00e9niste dentaire<\/h1><\/div><div class=\"fusion-text fusion-text-1\"><p>Conform\u00e9ment \u00e0 la Loi concernant l\u2019Ordre des hygi\u00e9nistes dentaires du NB, exercer la profession d\u2019hygi\u00e9niste dentaire est de mettre en pratique des connaissances professionnelles en vue de fournir des services et des programmes th\u00e9rapeutiques, pr\u00e9ventifs et d\u2019entretien visant la promotion d\u2019une sant\u00e9 buccale optimale, y compris le d\u00e9pistage et l\u2019\u00e9valuation aux fins du traitement d\u2019hygi\u00e8ne \u00a0dentaire, la planification d\u2019interventions pour la pr\u00e9vention des affections bucco-dentaires et l\u2019\u00e9valuation\u00a0 des habitudes et des comportements bucco-dentaires tels qu\u2019ils sont enseign\u00e9s ou inclus dans le cursus d\u2019un programme agr\u00e9\u00e9 d\u2019hygi\u00e8ne dentaire.<\/p>\n<p>Les hygi\u00e9nistes dentaires prennent en consid\u00e9ration le bien-\u00eatre de leurs clients. Leur approche d\u2019exercice comprend :<\/p>\n<ul>\n<li>se conformer aux normes d\u2019exercice \u00e9tablies et \u00e0 un Code de d\u00e9ontologie;<\/li>\n<li>l\u2019application des connaissances et th\u00e9ories selon les recherches et preuves;<\/li>\n<li>l\u2019application d\u2019un \u00a0mod\u00e8le de processus de soins en hygi\u00e8ne dentaire : \u00e9valuation, diagnostic, planification, mise en \u0153uvre et l&rsquo;\u00e9valuation ;<\/li>\n<li>la promotion d\u2019une sant\u00e9 bucco-dentaire optimale et de la sant\u00e9 g\u00e9n\u00e9rale en fournissant des services de sant\u00e9 bucco-dentaire \u00e9ducatifs, pr\u00e9ventives et th\u00e9rapeutiques.<\/li>\n<\/ul>\n<p>Dans le cadre de la profession d&rsquo;hygi\u00e9niste dentaire, les hygi\u00e9nistes dentaires peuvent agir comme chercheur, clinicien, expert-conseil, un administrateur, \u00e9ducateur ou promoteur en sant\u00e9. Les hygi\u00e9nistes dentaires collaborent \u00e9galement avec les autres professionnels de la sant\u00e9 de fa\u00e7on \u00e0 fournir des services de sant\u00e9 bucco-dentaire, d\u2019\u00e9ducation et de promotion de la sant\u00e9 afin d&rsquo;int\u00e9grer les soins buccodentaires pr\u00e9ventifs avec les soins de sant\u00e9 pr\u00e9ventive g\u00e9n\u00e9rale.<\/p>\n<p>En NB, nul autre qu&rsquo;un membre de l&rsquo;OHDNB peut assumer ou utiliser le titre \u00ab hygi\u00e9niste dentaire \u00bb (H.D.), ou \u00abhygi\u00e9niste dentaire immatricul\u00e9 \u00bb (H.D.I.).\u00a0 Le titre d\u2019hygi\u00e9niste dentaire indique que le membre a satisfait les normes \u00e9ducatives sp\u00e9cifiques et les exigences d\u2019enregistrement tel que:<\/p>\n<ul>\n<li>\u00eatre dipl\u00f4m\u00e9d&rsquo;un programme agr\u00e9\u00e9 d&rsquo;hygi\u00e8ne dentaire ;<\/li>\n<li>avoir r\u00e9ussi l&rsquo;examen national de Certification en hygi\u00e8ne dentaire ;<\/li>\n<li>maintenir leurs comp\u00e9tences tout au long de leur carri\u00e8re en respectant le programme de comp\u00e9tences et de formation professionnelle adopt\u00e9 par l&rsquo;OHDNB.<\/li>\n<li>Poursuivre des \u00e9tudes sp\u00e9cifiques pour les champs d\u2019exercices sp\u00e9cifiques comme l\u2019exercice autonome ou l\u2019anesth\u00e9sie locale.<\/li>\n<\/ul>\n<\/div><\/div><\/div><\/div><\/div>\n","protected":false},"excerpt":{"rendered":"","protected":false},"author":1,"featured_media":0,"parent":584,"menu_order":0,"comment_status":"closed","ping_status":"closed","template":"","meta":{"footnotes":""},"class_list":["post-635","page","type-page","status-publish","hentry"],"_links":{"self":[{"href":"https:\/\/www.nbcdh.ca\/fr\/wp-json\/wp\/v2\/pages\/635","targetHints":{"allow":["GET"]}}],"collection":[{"href":"https:\/\/www.nbcdh.ca\/fr\/wp-json\/wp\/v2\/pages"}],"about":[{"href":"https:\/\/www.nbcdh.ca\/fr\/wp-json\/wp\/v2\/types\/page"}],"author":[{"embeddable":true,"href":"https:\/\/www.nbcdh.ca\/fr\/wp-json\/wp\/v2\/users\/1"}],"replies":[{"embeddable":true,"href":"https:\/\/www.nbcdh.ca\/fr\/wp-json\/wp\/v2\/comments?post=635"}],"version-history":[{"count":3,"href":"https:\/\/www.nbcdh.ca\/fr\/wp-json\/wp\/v2\/pages\/635\/revisions"}],"predecessor-version":[{"id":1169,"href":"https:\/\/www.nbcdh.ca\/fr\/wp-json\/wp\/v2\/pages\/635\/revisions\/1169"}],"up":[{"embeddable":true,"href":"https:\/\/www.nbcdh.ca\/fr\/wp-json\/wp\/v2\/pages\/584"}],"wp:attachment":[{"href":"https:\/\/www.nbcdh.ca\/fr\/wp-json\/wp\/v2\/media?parent=635"}],"curies":[{"name":"wp","href":"https:\/\/api.w.org\/{rel}","templated":true}]}}