{"id":645,"date":"2023-07-01T21:22:08","date_gmt":"2023-07-01T21:22:08","guid":{"rendered":"https:\/\/www.nbcdh.ca\/?page_id=645"},"modified":"2024-10-28T13:48:44","modified_gmt":"2024-10-28T13:48:44","slug":"code-de-deontologie","status":"publish","type":"page","link":"https:\/\/www.nbcdh.ca\/fr\/legislation-et-ressources\/code-de-deontologie\/","title":{"rendered":"Code de d\u00e9ontologie"},"content":{"rendered":"<div class=\"fusion-fullwidth fullwidth-box fusion-builder-row-1 fusion-flex-container nonhundred-percent-fullwidth non-hundred-percent-height-scrolling\" style=\"--awb-border-radius-top-left:0px;--awb-border-radius-top-right:0px;--awb-border-radius-bottom-right:0px;--awb-border-radius-bottom-left:0px;--awb-flex-wrap:wrap;\" ><div class=\"fusion-builder-row fusion-row fusion-flex-align-items-flex-start fusion-flex-content-wrap\" style=\"max-width:1664px;margin-left: calc(-4% \/ 2 );margin-right: calc(-4% \/ 2 );\"><div class=\"fusion-layout-column fusion_builder_column fusion-builder-column-0 fusion_builder_column_1_1 1_1 fusion-flex-column\" style=\"--awb-bg-size:cover;--awb-width-large:100%;--awb-margin-top-large:0px;--awb-spacing-right-large:1.92%;--awb-margin-bottom-large:0px;--awb-spacing-left-large:1.92%;--awb-width-medium:100%;--awb-spacing-right-medium:1.92%;--awb-spacing-left-medium:1.92%;--awb-width-small:100%;--awb-spacing-right-small:1.92%;--awb-spacing-left-small:1.92%;\"><div class=\"fusion-column-wrapper fusion-flex-justify-content-flex-start fusion-content-layout-column\"><div class=\"fusion-title title fusion-title-1 fusion-sep-none fusion-title-text fusion-title-size-one\"><h1 class=\"fusion-title-heading title-heading-left\" style=\"margin:0;\">Code de d\u00e9ontologie<\/h1><\/div><div class=\"fusion-text fusion-text-1\"><p>En avril 2010, le Conseil d&rsquo;administration de l&rsquo;Ordre des hygi\u00e9nistes dentaires du NB adopta le Code de d\u00e9ontologie de l&rsquo;Association Canadienne des hygi\u00e9nsites dentaires (ACHD). \u00a0En 2012, l&rsquo;ACHD entreprendra une r\u00e9vison de ce Code de d\u00e9ontologie suite \u00e0 un processus de consultation aupr\u00e8s de plusieures groupes d&rsquo;enjeux. \u00a0Les r\u00e9visions furent adopt\u00e9 par l&rsquo;ACHD en 2024.<\/p>\n<p><a href=\"https:\/\/www.nbcdh.ca\/wp-content\/uploads\/2024\/10\/Code_of_Ethics_FR_web.pdf\">Code de d\u00e9ontologie<\/a><\/p>\n<\/div><\/div><\/div><\/div><\/div>\n","protected":false},"excerpt":{"rendered":"","protected":false},"author":1,"featured_media":0,"parent":639,"menu_order":0,"comment_status":"closed","ping_status":"closed","template":"","meta":{"footnotes":""},"class_list":["post-645","page","type-page","status-publish","hentry"],"_links":{"self":[{"href":"https:\/\/www.nbcdh.ca\/fr\/wp-json\/wp\/v2\/pages\/645","targetHints":{"allow":["GET"]}}],"collection":[{"href":"https:\/\/www.nbcdh.ca\/fr\/wp-json\/wp\/v2\/pages"}],"about":[{"href":"https:\/\/www.nbcdh.ca\/fr\/wp-json\/wp\/v2\/types\/page"}],"author":[{"embeddable":true,"href":"https:\/\/www.nbcdh.ca\/fr\/wp-json\/wp\/v2\/users\/1"}],"replies":[{"embeddable":true,"href":"https:\/\/www.nbcdh.ca\/fr\/wp-json\/wp\/v2\/comments?post=645"}],"version-history":[{"count":4,"href":"https:\/\/www.nbcdh.ca\/fr\/wp-json\/wp\/v2\/pages\/645\/revisions"}],"predecessor-version":[{"id":1379,"href":"https:\/\/www.nbcdh.ca\/fr\/wp-json\/wp\/v2\/pages\/645\/revisions\/1379"}],"up":[{"embeddable":true,"href":"https:\/\/www.nbcdh.ca\/fr\/wp-json\/wp\/v2\/pages\/639"}],"wp:attachment":[{"href":"https:\/\/www.nbcdh.ca\/fr\/wp-json\/wp\/v2\/media?parent=645"}],"curies":[{"name":"wp","href":"https:\/\/api.w.org\/{rel}","templated":true}]}}