{"id":665,"date":"2023-07-01T22:45:29","date_gmt":"2023-07-01T22:45:29","guid":{"rendered":"https:\/\/www.nbcdh.ca\/?page_id=665"},"modified":"2023-09-10T22:22:58","modified_gmt":"2023-09-10T22:22:58","slug":"loi-concernant-lordre-des-hygienistes-dentaires-du-nb","status":"publish","type":"page","link":"https:\/\/www.nbcdh.ca\/fr\/legislation-et-ressources\/loi-concernant-lordre-des-hygienistes-dentaires-du-nb\/","title":{"rendered":"Loi concernant l&rsquo;ordre des hygi\u00e9nistes dentaires du NB"},"content":{"rendered":"<div class=\"fusion-fullwidth fullwidth-box fusion-builder-row-1 fusion-flex-container nonhundred-percent-fullwidth non-hundred-percent-height-scrolling\" style=\"--awb-border-radius-top-left:0px;--awb-border-radius-top-right:0px;--awb-border-radius-bottom-right:0px;--awb-border-radius-bottom-left:0px;--awb-flex-wrap:wrap;\" ><div class=\"fusion-builder-row fusion-row fusion-flex-align-items-flex-start fusion-flex-content-wrap\" style=\"max-width:1664px;margin-left: calc(-4% \/ 2 );margin-right: calc(-4% \/ 2 );\"><div class=\"fusion-layout-column fusion_builder_column fusion-builder-column-0 fusion_builder_column_1_1 1_1 fusion-flex-column\" style=\"--awb-bg-size:cover;--awb-width-large:100%;--awb-margin-top-large:0px;--awb-spacing-right-large:1.92%;--awb-margin-bottom-large:0px;--awb-spacing-left-large:1.92%;--awb-width-medium:100%;--awb-spacing-right-medium:1.92%;--awb-spacing-left-medium:1.92%;--awb-width-small:100%;--awb-spacing-right-small:1.92%;--awb-spacing-left-small:1.92%;\"><div class=\"fusion-column-wrapper fusion-flex-justify-content-flex-start fusion-content-layout-column\"><div class=\"fusion-title title fusion-title-1 fusion-sep-none fusion-title-text fusion-title-size-one\"><h1 class=\"fusion-title-heading title-heading-left\" style=\"margin:0;\">Loi concernant l&rsquo;ordre des hygi\u00e9nistes dentaires du NB<\/h1><\/div><div class=\"fusion-text fusion-text-1\"><p>Le 19 juin 2009, la loi concernant l&rsquo;Ordre des hygi\u00e9nistes dentaires du NB a re\u00e7u Sanction royale \u00e0 l\u2019assembl\u00e9 l\u00e9gislative du NB. Auparavant, la profession d&rsquo;hygi\u00e8ne dentaire \u00e9tait r\u00e9glement\u00e9e par la Soci\u00e9t\u00e9 dentaire du Nouveau-Brunswick.<\/p>\n<p>Le r\u00f4le du nouveau Coll\u00e8ge sera de s&rsquo;assurer que les praticiens en l&rsquo;hygi\u00e8ne dentaire dans la province du Nouveau-Brunswick respectent des normes professionnelles de qualit\u00e9 sup\u00e9rieure et s&rsquo;assurer que ces normes sont maintenues tout au long de leur carri\u00e8re en mettant en place un programme permanent de comp\u00e9tences et formation professionnelle. L&rsquo;objectif du Coll\u00e8ge est promouvoir et de maintenir les normes de pratique d\u2019hygi\u00e8ne dentaire au NB et de r\u00e9gir et de r\u00e9glementer la profession.<\/p>\n<p>Cette nouvelle loi permettra d\u2019\u00e9largir le champ d\u2019exercices pour les hygi\u00e9nistes dentaires en leur permettant de fournir des soins cliniques d\u2019hygi\u00e8ne dentaire de fa\u00e7on collaborative avec d\u2019autres professionnels en milieu priv\u00e9 et en sant\u00e9 publique y compris des \u00e9tablissements de soins prolong\u00e9s (foyer de soins), les h\u00f4pitaux et les programmes de sant\u00e9 d\u00e9sign\u00e9s.<\/p>\n<p>En am\u00e9liorant l\u2019acc\u00e8s aux soins buccodentaires par les hygi\u00e9nistes dentaires, ceci offre des possibilit\u00e9s suppl\u00e9mentaires pour aider \u00e0 am\u00e9liorer la sant\u00e9 globale des N\u00e9o-Brunswickois.<\/p>\n<p>L&rsquo;ordre des hygi\u00e9nistes dentaires NB sera aussi charg\u00e9 de traiter les plaintes et la discipline de leurs membres.<\/p>\n<p><a href=\"https:\/\/www.nbcdh.ca\/wp-content\/uploads\/2023\/07\/Chap-10_fr.pdf\">Loi concernant l&rsquo;Ordre des hygi\u00e9nistes dentaires du NB<\/a><\/p>\n<\/div><\/div><\/div><\/div><\/div>\n","protected":false},"excerpt":{"rendered":"","protected":false},"author":1,"featured_media":0,"parent":639,"menu_order":0,"comment_status":"closed","ping_status":"closed","template":"","meta":{"footnotes":""},"class_list":["post-665","page","type-page","status-publish","hentry"],"_links":{"self":[{"href":"https:\/\/www.nbcdh.ca\/fr\/wp-json\/wp\/v2\/pages\/665","targetHints":{"allow":["GET"]}}],"collection":[{"href":"https:\/\/www.nbcdh.ca\/fr\/wp-json\/wp\/v2\/pages"}],"about":[{"href":"https:\/\/www.nbcdh.ca\/fr\/wp-json\/wp\/v2\/types\/page"}],"author":[{"embeddable":true,"href":"https:\/\/www.nbcdh.ca\/fr\/wp-json\/wp\/v2\/users\/1"}],"replies":[{"embeddable":true,"href":"https:\/\/www.nbcdh.ca\/fr\/wp-json\/wp\/v2\/comments?post=665"}],"version-history":[{"count":3,"href":"https:\/\/www.nbcdh.ca\/fr\/wp-json\/wp\/v2\/pages\/665\/revisions"}],"predecessor-version":[{"id":1187,"href":"https:\/\/www.nbcdh.ca\/fr\/wp-json\/wp\/v2\/pages\/665\/revisions\/1187"}],"up":[{"embeddable":true,"href":"https:\/\/www.nbcdh.ca\/fr\/wp-json\/wp\/v2\/pages\/639"}],"wp:attachment":[{"href":"https:\/\/www.nbcdh.ca\/fr\/wp-json\/wp\/v2\/media?parent=665"}],"curies":[{"name":"wp","href":"https:\/\/api.w.org\/{rel}","templated":true}]}}