{"id":671,"date":"2023-07-01T22:59:57","date_gmt":"2023-07-01T22:59:57","guid":{"rendered":"https:\/\/www.nbcdh.ca\/?page_id=671"},"modified":"2023-09-11T12:02:09","modified_gmt":"2023-09-11T12:02:09","slug":"programme-de-competences-et-de-formation-pour-les-hygienistes-dentaires-du-nb","status":"publish","type":"page","link":"https:\/\/www.nbcdh.ca\/fr\/legislation-et-ressources\/programme-de-competences-et-de-formation-pour-les-hygienistes-dentaires-du-nb\/","title":{"rendered":"Programme de comp\u00e9tences et de formation pour les hygi\u00e9nistes dentaires du NB"},"content":{"rendered":"<div class=\"fusion-fullwidth fullwidth-box fusion-builder-row-1 fusion-flex-container nonhundred-percent-fullwidth non-hundred-percent-height-scrolling\" style=\"--awb-border-radius-top-left:0px;--awb-border-radius-top-right:0px;--awb-border-radius-bottom-right:0px;--awb-border-radius-bottom-left:0px;--awb-flex-wrap:wrap;\" ><div class=\"fusion-builder-row fusion-row fusion-flex-align-items-flex-start fusion-flex-content-wrap\" style=\"max-width:1664px;margin-left: calc(-4% \/ 2 );margin-right: calc(-4% \/ 2 );\"><div class=\"fusion-layout-column fusion_builder_column fusion-builder-column-0 fusion_builder_column_1_1 1_1 fusion-flex-column\" style=\"--awb-bg-size:cover;--awb-width-large:100%;--awb-margin-top-large:0px;--awb-spacing-right-large:1.92%;--awb-margin-bottom-large:0px;--awb-spacing-left-large:1.92%;--awb-width-medium:100%;--awb-spacing-right-medium:1.92%;--awb-spacing-left-medium:1.92%;--awb-width-small:100%;--awb-spacing-right-small:1.92%;--awb-spacing-left-small:1.92%;\"><div class=\"fusion-column-wrapper fusion-flex-justify-content-flex-start fusion-content-layout-column\"><div class=\"fusion-title title fusion-title-1 fusion-sep-none fusion-title-text fusion-title-size-one\"><h1 class=\"fusion-title-heading title-heading-left\" style=\"margin:0;\">Programme de comp\u00e9tences et de formation pour les hygi\u00e9nistes dentaires du NB<\/h1><\/div><div class=\"fusion-text fusion-text-1\"><p>La formation continue est la marque d\u2019excellence de toute profession. Il est imp\u00e9ratif que tous les professionnels se tiennent \u00e0 jour de tout nouveau d\u00e9veloppement dans sa discipline. La profession d&rsquo;hygi\u00e8ne dentaire est en constante \u00e9volution gr\u00e2ce \u00e0 des progr\u00e8s technologiques, changements \u00e0 la r\u00e9glementation, la recherche des innovations dans la prestation des soins de sant\u00e9 et le d\u00e9veloppement de nouvelles proc\u00e9dures cliniques. Ces changements incessants accentuent la n\u00e9cessit\u00e9 pour les hygi\u00e9nistes dentaires de se tenir \u00e0 jour dans leurs connaissances et des soins cliniques de leurs clients.<\/p>\n<p>Afin de reconna\u00eetre son engagement auquel les hygi\u00e9nistes dentaires doivent maintenir leurs comp\u00e9tences tout au long de leur carri\u00e8re professionnelle et de respecter le mandat de l&rsquo;Ordre des hygi\u00e9nistes dentaires en vertu de la loi concernant le NB (15(2) (h)), l\u2019Ordre des hygi\u00e9nistes dentaires a d\u00e9velopp\u00e9 ce programme de comp\u00e9tences et formation professionnelle qui exige l&rsquo;obligation de formation continue pour toutes les hygi\u00e9nistes dentaires pratiquant au Nouveau-Brunswick. La mission de l\u2019OHDNB est de prot\u00e9ger le public en d\u00e9veloppant, en pr\u00e9conisant et en r\u00e9glementant la pratique d\u2019hygi\u00e8ne dentaire s\u00e9curitaire et conforme au code de d\u00e9ontologie adopt\u00e9 par l\u2019OHDNB. Le Conseil d\u2019administration de l\u2019OHDNB a adopt\u00e9 ce programme suivant de comp\u00e9tences et formation professionnelle qui veillera par cons\u00e9quent \u00e0 la protection du public en fournissant des soins courants de qualit\u00e9 sup\u00e9rieure \u00e0 tous.<\/p>\n<p><a href=\"https:\/\/www.nbcdh.ca\/wp-content\/uploads\/2023\/07\/OHDNB-Programme-de-competences-et-formation-professionnelle-novembre-2022.pdf\">OHDNB Programme de competences et formation professionnelle<\/a><\/p>\n<\/div><\/div><\/div><\/div><\/div>\n","protected":false},"excerpt":{"rendered":"","protected":false},"author":1,"featured_media":0,"parent":639,"menu_order":0,"comment_status":"closed","ping_status":"closed","template":"","meta":{"footnotes":""},"class_list":["post-671","page","type-page","status-publish","hentry"],"_links":{"self":[{"href":"https:\/\/www.nbcdh.ca\/fr\/wp-json\/wp\/v2\/pages\/671","targetHints":{"allow":["GET"]}}],"collection":[{"href":"https:\/\/www.nbcdh.ca\/fr\/wp-json\/wp\/v2\/pages"}],"about":[{"href":"https:\/\/www.nbcdh.ca\/fr\/wp-json\/wp\/v2\/types\/page"}],"author":[{"embeddable":true,"href":"https:\/\/www.nbcdh.ca\/fr\/wp-json\/wp\/v2\/users\/1"}],"replies":[{"embeddable":true,"href":"https:\/\/www.nbcdh.ca\/fr\/wp-json\/wp\/v2\/comments?post=671"}],"version-history":[{"count":2,"href":"https:\/\/www.nbcdh.ca\/fr\/wp-json\/wp\/v2\/pages\/671\/revisions"}],"predecessor-version":[{"id":1196,"href":"https:\/\/www.nbcdh.ca\/fr\/wp-json\/wp\/v2\/pages\/671\/revisions\/1196"}],"up":[{"embeddable":true,"href":"https:\/\/www.nbcdh.ca\/fr\/wp-json\/wp\/v2\/pages\/639"}],"wp:attachment":[{"href":"https:\/\/www.nbcdh.ca\/fr\/wp-json\/wp\/v2\/media?parent=671"}],"curies":[{"name":"wp","href":"https:\/\/api.w.org\/{rel}","templated":true}]}}