{"id":690,"date":"2023-07-01T23:27:55","date_gmt":"2023-07-01T23:27:55","guid":{"rendered":"https:\/\/www.nbcdh.ca\/?page_id=690"},"modified":"2024-02-13T16:36:46","modified_gmt":"2024-02-13T16:36:46","slug":"regles-etablies-sous-la-loi-sur-les-hygienistes-dentaires-du-nb","status":"publish","type":"page","link":"https:\/\/www.nbcdh.ca\/fr\/legislation-et-ressources\/regles-etablies-sous-la-loi-sur-les-hygienistes-dentaires-du-nb\/","title":{"rendered":"R\u00e8gles \u00e9tablies sous la loi sur les hygi\u00e9nistes dentaires du NB"},"content":{"rendered":"<div class=\"fusion-fullwidth fullwidth-box fusion-builder-row-1 fusion-flex-container nonhundred-percent-fullwidth non-hundred-percent-height-scrolling\" style=\"--awb-border-radius-top-left:0px;--awb-border-radius-top-right:0px;--awb-border-radius-bottom-right:0px;--awb-border-radius-bottom-left:0px;--awb-flex-wrap:wrap;\" ><div class=\"fusion-builder-row fusion-row fusion-flex-align-items-flex-start fusion-flex-content-wrap\" style=\"max-width:1664px;margin-left: calc(-4% \/ 2 );margin-right: calc(-4% \/ 2 );\"><div class=\"fusion-layout-column fusion_builder_column fusion-builder-column-0 fusion_builder_column_1_1 1_1 fusion-flex-column\" style=\"--awb-bg-size:cover;--awb-width-large:100%;--awb-margin-top-large:0px;--awb-spacing-right-large:1.92%;--awb-margin-bottom-large:0px;--awb-spacing-left-large:1.92%;--awb-width-medium:100%;--awb-spacing-right-medium:1.92%;--awb-spacing-left-medium:1.92%;--awb-width-small:100%;--awb-spacing-right-small:1.92%;--awb-spacing-left-small:1.92%;\"><div class=\"fusion-column-wrapper fusion-flex-justify-content-flex-start fusion-content-layout-column\"><div class=\"fusion-title title fusion-title-1 fusion-sep-none fusion-title-text fusion-title-size-one\"><h1 class=\"fusion-title-heading title-heading-left\" style=\"margin:0;\">R\u00e8gles \u00e9tablies sous la loi sur les hygi\u00e9nistes dentaires du NB<\/h1><\/div><div class=\"fusion-text fusion-text-1\"><p>Janvier 2013<\/p>\n<p>Le 8 janvier 2013, l&rsquo;OHDNB a re\u00e7u la confirmation par le ministre de la Sant\u00e9, l&rsquo;honorable Hugh J. Flemming, C.R., que les r\u00e8gles en vertu de la Loi concernant l&rsquo;Ordre des hygi\u00e9nistes dentaires du NB ont re\u00e7u l&rsquo;approbation finale. Cet effort a \u00e9t\u00e9 une longue p\u00e9riode de discussion et de collaboration avec le Conseil de l&rsquo;OHDNB et le minist\u00e8re de la Sant\u00e9.<\/p>\n<p>Ces nouvelles r\u00e8gles approuv\u00e9es permettront une augmentation de champ d&rsquo;exercices pour les hygi\u00e9nistes dentaires d\u00e9tenant une d\u00e9signation sp\u00e9cifique suite \u00e0 des exigences suppl\u00e9mentaires en \u00e9ducation.\u00a0 Ceci permettra d&rsquo;am\u00e9liorer l&rsquo;acc\u00e8s aux soins en hygi\u00e8ne dentaire pour la population sous-desservie du NB tels que les r\u00e9sidants dans des \u00e9tablissements des soins \u00e0 long terme. Un b\u00e9n\u00e9fice qui saura \u00a0am\u00e9liorer la sant\u00e9 et la qualit\u00e9 de vie pour la population du Nouveau-Brunswick. En permettant une augmentation du champ d\u2019exercice des hygi\u00e9nistes dentaires au NB, le Conseil de l\u2019OHDNB est optimiste que la population du Nouveau-Brunswick b\u00e9n\u00e9ficiera en ayant cet acc\u00e8s aux soins d&rsquo;hygi\u00e8ne dentaire en dehors de la pratique traditionnelle en cabinet dentaire. Apr\u00e8s avoir suivi un programme d\u2019\u00e9ducation suppl\u00e9mentaire, l&rsquo;hygi\u00e9niste dentaire peut maintenant administrer l&rsquo;anesth\u00e9sie locale pendant le traitement d&rsquo;hygi\u00e8ne dentaire assurant un confort pour le client au besoin.<\/p>\n<p>Toute hygi\u00e9niste dentaire qui n\u2019applique pas et \/ou qui n\u2019est pas admissible \u00e0 une d\u00e9signation sp\u00e9cifique continuera leur pratique sous la supervision d\u2019un membre de la Soci\u00e9t\u00e9 dentaire du NB comme auparavant.<\/p>\n<p><a href=\"https:\/\/www.nbcdh.ca\/wp-content\/uploads\/2024\/02\/OHDNB-Reglements-Francais-Revise-Fevrier-2024.pdf\">R\u00e8gles \u00e9tablies sous le r\u00e9gime de la Loi sur les hygi\u00e9nistes dentaires du NB -F\u00e9vrier 2024<\/a><\/p>\n<\/div><\/div><\/div><\/div><\/div>\n","protected":false},"excerpt":{"rendered":"","protected":false},"author":1,"featured_media":0,"parent":639,"menu_order":0,"comment_status":"closed","ping_status":"closed","template":"","meta":{"footnotes":""},"class_list":["post-690","page","type-page","status-publish","hentry"],"_links":{"self":[{"href":"https:\/\/www.nbcdh.ca\/fr\/wp-json\/wp\/v2\/pages\/690","targetHints":{"allow":["GET"]}}],"collection":[{"href":"https:\/\/www.nbcdh.ca\/fr\/wp-json\/wp\/v2\/pages"}],"about":[{"href":"https:\/\/www.nbcdh.ca\/fr\/wp-json\/wp\/v2\/types\/page"}],"author":[{"embeddable":true,"href":"https:\/\/www.nbcdh.ca\/fr\/wp-json\/wp\/v2\/users\/1"}],"replies":[{"embeddable":true,"href":"https:\/\/www.nbcdh.ca\/fr\/wp-json\/wp\/v2\/comments?post=690"}],"version-history":[{"count":5,"href":"https:\/\/www.nbcdh.ca\/fr\/wp-json\/wp\/v2\/pages\/690\/revisions"}],"predecessor-version":[{"id":1298,"href":"https:\/\/www.nbcdh.ca\/fr\/wp-json\/wp\/v2\/pages\/690\/revisions\/1298"}],"up":[{"embeddable":true,"href":"https:\/\/www.nbcdh.ca\/fr\/wp-json\/wp\/v2\/pages\/639"}],"wp:attachment":[{"href":"https:\/\/www.nbcdh.ca\/fr\/wp-json\/wp\/v2\/media?parent=690"}],"curies":[{"name":"wp","href":"https:\/\/api.w.org\/{rel}","templated":true}]}}