{"id":738,"date":"2023-07-02T00:17:19","date_gmt":"2023-07-02T00:17:19","guid":{"rendered":"https:\/\/www.nbcdh.ca\/?page_id=738"},"modified":"2023-09-11T12:56:23","modified_gmt":"2023-09-11T12:56:23","slug":"liens","status":"publish","type":"page","link":"https:\/\/www.nbcdh.ca\/fr\/legislation-et-ressources\/liens\/","title":{"rendered":"Liens"},"content":{"rendered":"<div class=\"fusion-fullwidth fullwidth-box fusion-builder-row-1 fusion-flex-container nonhundred-percent-fullwidth non-hundred-percent-height-scrolling\" style=\"--awb-border-radius-top-left:0px;--awb-border-radius-top-right:0px;--awb-border-radius-bottom-right:0px;--awb-border-radius-bottom-left:0px;--awb-flex-wrap:wrap;\" ><div class=\"fusion-builder-row fusion-row fusion-flex-align-items-flex-start fusion-flex-content-wrap\" style=\"max-width:1664px;margin-left: calc(-4% \/ 2 );margin-right: calc(-4% \/ 2 );\"><div class=\"fusion-layout-column fusion_builder_column fusion-builder-column-0 fusion_builder_column_1_1 1_1 fusion-flex-column\" style=\"--awb-bg-size:cover;--awb-width-large:100%;--awb-margin-top-large:0px;--awb-spacing-right-large:1.92%;--awb-margin-bottom-large:0px;--awb-spacing-left-large:1.92%;--awb-width-medium:100%;--awb-spacing-right-medium:1.92%;--awb-spacing-left-medium:1.92%;--awb-width-small:100%;--awb-spacing-right-small:1.92%;--awb-spacing-left-small:1.92%;\"><div class=\"fusion-column-wrapper fusion-flex-justify-content-flex-start fusion-content-layout-column\"><div class=\"fusion-title title fusion-title-1 fusion-sep-none fusion-title-text fusion-title-size-one\"><h1 class=\"fusion-title-heading title-heading-left\" style=\"margin:0;\">Liens<\/h1><\/div><\/div><\/div><div class=\"fusion-layout-column fusion_builder_column fusion-builder-column-1 fusion_builder_column_1_2 1_2 fusion-flex-column\" style=\"--awb-bg-size:cover;--awb-width-large:50%;--awb-margin-top-large:0px;--awb-spacing-right-large:3.84%;--awb-margin-bottom-large:20px;--awb-spacing-left-large:3.84%;--awb-width-medium:50%;--awb-order-medium:0;--awb-spacing-right-medium:3.84%;--awb-spacing-left-medium:3.84%;--awb-width-small:100%;--awb-order-small:0;--awb-spacing-right-small:1.92%;--awb-spacing-left-small:1.92%;\"><div class=\"fusion-column-wrapper fusion-column-has-shadow fusion-flex-justify-content-flex-start fusion-content-layout-column\"><div class=\"fusion-text fusion-text-1\"><p><strong>Association canadienne des hygi\u00e9nistes dentaires (ACHD)<\/strong><br \/>\n<a href=\"http:\/\/www.cdha.ca\/AM\/Template.cfm?Section=Home\">http:\/\/www.cdha.ca\/AM\/Template.cfm?Section=Home<\/a><\/p>\n<p><strong>Bureau national de la certification en hygi\u00e8ne dentaire (BNCHD)<\/strong><br \/>\n<a href=\"http:\/\/www.ndhcb.ca\/\">http:\/\/www.ndhcb.ca\/<\/a><\/p>\n<p><strong>Commission de l\u2019agr\u00e9ment dentaire au Canada (CADC)<\/strong><br \/>\n<a href=\"http:\/\/www.cda-adc.ca\/cdacweb\/en\/\">http:\/\/www.cda-adc.ca\/cdacweb\/en\/<\/a><\/p>\n<p><strong>Association des hygi\u00e9nistes dentaires du NB (AHDNB)<\/strong><br \/>\n<a href=\"http:\/\/www.cdha.ca\/AM\/Template.cfm?Section=NBDHA&amp;Template=\/CM\/HTMLDisplay.cfm&amp;ContentID=12458\">http:\/\/www.cdha.ca\/AM\/Template.cfm?Section=NBDHA&amp;Template=\/CM\/HTMLDisplay.cfm&amp;ContentID=12458<\/a><\/p>\n<p><strong>Soci\u00e9t\u00e9 Dentaire du NB (SDNB)<\/strong><br \/>\n<a href=\"http:\/\/www.nbdental.com\/\">http:\/\/www.nbdental.com\/<\/a><\/p>\n<p><strong>Agence de la Sant\u00e9 publique du Canada<\/strong><br \/>\n<a href=\"http:\/\/www.phac-aspc.gc.ca\/publications-fra.php\">http:\/\/www.phac-aspc.gc.ca\/publications-fra.php<\/a><\/p>\n<\/div><\/div><\/div><div class=\"fusion-layout-column fusion_builder_column fusion-builder-column-2 fusion_builder_column_1_2 1_2 fusion-flex-column\" style=\"--awb-bg-size:cover;--awb-width-large:50%;--awb-margin-top-large:0px;--awb-spacing-right-large:3.84%;--awb-margin-bottom-large:20px;--awb-spacing-left-large:3.84%;--awb-width-medium:50%;--awb-order-medium:0;--awb-spacing-right-medium:3.84%;--awb-spacing-left-medium:3.84%;--awb-width-small:100%;--awb-order-small:0;--awb-spacing-right-small:1.92%;--awb-spacing-left-small:1.92%;\"><div class=\"fusion-column-wrapper fusion-column-has-shadow fusion-flex-justify-content-flex-start fusion-content-layout-column\"><div class=\"fusion-text fusion-text-2\"><p><strong>Groupe de travail f\u00e9d\u00e9ral, provincial-territorial sur la sant\u00e9 dentaire:<\/strong><br \/>\n<a href=\"http:\/\/www.cdho.org\/my-cdho\/practice-advice\/the-knowledge-network\">www.cdho.org\/my-cdho\/practice-advice\/the-knowledge-network<\/a><br \/>\n<a href=\"http:\/\/www.fptdwg.ca\/francais\/f-about.html\">http:\/\/www.fptdwg.ca\/francais\/f-about.html<\/a><\/p>\n<p><strong>Association canadienne de la sant\u00e9 dentaire publique: ( veuillez noter que ce site n&rsquo;est que disponible en anglais)<\/strong><br \/>\n<a href=\"http:\/\/www.caphd.ca\/\">http:\/\/www.caphd.ca\/<\/a><\/p>\n<p><strong>Statistiques- Dispensateurs de soins de sant\u00e9 au Canada<\/strong><br \/>\n<a href=\"https:\/\/www.cihi.ca\/fr\">https:\/\/www.cihi.ca\/fr<\/a><\/p>\n<p><strong>Coalition Antitabac du NB\/ t\u00e9l\u00e9assistance pour fumeurs<\/strong><br \/>\n<a href=\"http:\/\/www.nbatc.ca\/fr\/\">http:\/\/www.nbatc.ca\/fr\/<\/a><\/p>\n<p><strong>The Knowledge Network ( anglais seulement)- College of Dental Hygienists of Ontario<\/strong><br \/>\n<a href=\"http:\/\/www.cdho.org\/my-cdho\/practice-advice\/the-knowledge-network\">www.cdho.org\/my-cdho\/practice-advice\/the-knowledge-network<\/a><\/p>\n<\/div><\/div><\/div><\/div><\/div>\n","protected":false},"excerpt":{"rendered":"","protected":false},"author":1,"featured_media":0,"parent":639,"menu_order":0,"comment_status":"closed","ping_status":"closed","template":"","meta":{"footnotes":""},"class_list":["post-738","page","type-page","status-publish","hentry"],"_links":{"self":[{"href":"https:\/\/www.nbcdh.ca\/fr\/wp-json\/wp\/v2\/pages\/738","targetHints":{"allow":["GET"]}}],"collection":[{"href":"https:\/\/www.nbcdh.ca\/fr\/wp-json\/wp\/v2\/pages"}],"about":[{"href":"https:\/\/www.nbcdh.ca\/fr\/wp-json\/wp\/v2\/types\/page"}],"author":[{"embeddable":true,"href":"https:\/\/www.nbcdh.ca\/fr\/wp-json\/wp\/v2\/users\/1"}],"replies":[{"embeddable":true,"href":"https:\/\/www.nbcdh.ca\/fr\/wp-json\/wp\/v2\/comments?post=738"}],"version-history":[{"count":3,"href":"https:\/\/www.nbcdh.ca\/fr\/wp-json\/wp\/v2\/pages\/738\/revisions"}],"predecessor-version":[{"id":1198,"href":"https:\/\/www.nbcdh.ca\/fr\/wp-json\/wp\/v2\/pages\/738\/revisions\/1198"}],"up":[{"embeddable":true,"href":"https:\/\/www.nbcdh.ca\/fr\/wp-json\/wp\/v2\/pages\/639"}],"wp:attachment":[{"href":"https:\/\/www.nbcdh.ca\/fr\/wp-json\/wp\/v2\/media?parent=738"}],"curies":[{"name":"wp","href":"https:\/\/api.w.org\/{rel}","templated":true}]}}