{"id":742,"date":"2023-07-02T00:22:09","date_gmt":"2023-07-02T00:22:09","guid":{"rendered":"https:\/\/www.nbcdh.ca\/?page_id=742"},"modified":"2026-04-29T13:20:50","modified_gmt":"2026-04-29T13:20:50","slug":"enregistrement","status":"publish","type":"page","link":"https:\/\/www.nbcdh.ca\/fr\/enregistrement\/","title":{"rendered":"Enregistrement"},"content":{"rendered":"<p><div class=\"fusion-fullwidth fullwidth-box fusion-builder-row-1 fusion-flex-container has-pattern-background has-mask-background nonhundred-percent-fullwidth non-hundred-percent-height-scrolling\" style=\"--awb-border-radius-top-left:0px;--awb-border-radius-top-right:0px;--awb-border-radius-bottom-right:0px;--awb-border-radius-bottom-left:0px;--awb-flex-wrap:wrap;\" ><div class=\"fusion-builder-row fusion-row fusion-flex-align-items-flex-start fusion-flex-content-wrap\" style=\"max-width:1664px;margin-left: calc(-4% \/ 2 );margin-right: calc(-4% \/ 2 );\"><div class=\"fusion-layout-column fusion_builder_column fusion-builder-column-0 fusion_builder_column_1_1 1_1 fusion-flex-column\" style=\"--awb-bg-size:cover;--awb-width-large:100%;--awb-margin-top-large:0px;--awb-spacing-right-large:1.92%;--awb-margin-bottom-large:20px;--awb-spacing-left-large:1.92%;--awb-width-medium:100%;--awb-order-medium:0;--awb-spacing-right-medium:1.92%;--awb-spacing-left-medium:1.92%;--awb-width-small:100%;--awb-order-small:0;--awb-spacing-right-small:1.92%;--awb-spacing-left-small:1.92%;\"><div class=\"fusion-column-wrapper fusion-column-has-shadow fusion-flex-justify-content-flex-start fusion-content-layout-column\"><div class=\"fusion-title title fusion-title-1 fusion-sep-none fusion-title-text fusion-title-size-one\"><h1 class=\"fusion-title-heading title-heading-left\" style=\"margin:0;\">Enregistrement<\/h1><\/div><\/div><\/div><\/div><\/div><div class=\"fusion-fullwidth fullwidth-box fusion-builder-row-2 fusion-flex-container has-pattern-background has-mask-background nonhundred-percent-fullwidth non-hundred-percent-height-scrolling\" style=\"--awb-border-radius-top-left:0px;--awb-border-radius-top-right:0px;--awb-border-radius-bottom-right:0px;--awb-border-radius-bottom-left:0px;--awb-flex-wrap:wrap;\" ><div class=\"fusion-builder-row fusion-row fusion-flex-align-items-flex-start fusion-flex-content-wrap\" style=\"max-width:1664px;margin-left: calc(-4% \/ 2 );margin-right: calc(-4% \/ 2 );\"><div class=\"fusion-layout-column fusion_builder_column fusion-builder-column-1 fusion_builder_column_1_1 1_1 fusion-flex-column\" style=\"--awb-bg-size:cover;--awb-width-large:100%;--awb-margin-top-large:0px;--awb-spacing-right-large:1.92%;--awb-margin-bottom-large:20px;--awb-spacing-left-large:1.92%;--awb-width-medium:100%;--awb-order-medium:0;--awb-spacing-right-medium:1.92%;--awb-spacing-left-medium:1.92%;--awb-width-small:100%;--awb-order-small:0;--awb-spacing-right-small:1.92%;--awb-spacing-left-small:1.92%;\"><div class=\"fusion-column-wrapper fusion-column-has-shadow fusion-flex-justify-content-flex-start fusion-content-layout-column\"><div class=\"fusion-menu-anchor\" id=\"reg-a\"><\/div><div class=\"fusion-title title fusion-title-2 fusion-sep-none fusion-title-text fusion-title-size-four\"><h4 class=\"fusion-title-heading title-heading-left\" style=\"margin:0;\">A-Information g\u00e9n\u00e9rale pour l\u2019admission \u00e0 l\u2019OHDNB.<\/h4><\/div><div class=\"fusion-text fusion-text-1\"><ol>\n<li>Le formulaire d\u2019admission est disponible sur le site web en cliquant login et chosir admisssion au bas de la page \u00e0 droite:<\/li>\n<li>Veuillez inscrire toute information demand\u00e9e sur le formulaire. Vous allez devoir cr\u00e9er votre compte d\u2019acc\u00e8s Alinity au portail d\u2019admission (sur le lien LOGIN jaune)\u00a0 en soumettant l&rsquo;information exig\u00e9e. V\u00e9rifier dans vos courriers ind\u00e9sirables si vous ne recevez pas de mot de passe suivant votre soumission.<\/li>\n<li>Vous aurez maintenant acc\u00e8s au portail d\u2019admission\/ membre pour compl\u00e9ter le processus d\u2019admission et pour t\u00e9l\u00e9charger vos documents.<\/li>\n<li>Noter que certains documents demandent un confirmation d\u2019un Notaire ou Commissaire \u00e0 l\u2019Assermentation \u00bb tel que votre copie de dipl\u00f4me, copie du certificat de l\u2019examen national, photo et la d\u00e9claration.<\/li>\n<li>Le paiment se fait par carte de cr\u00e9dit sur le portail.<\/li>\n<li>Veuillez reviser le bar\u00eame des frais ci-dessous pour les co\u00fbts des permis. Le permis est en vigueur du 1er janvier jusqu\u2019au 31 d\u00e9cembre et les frais ne sont pas au prorata.<\/li>\n<li>Veuillez accorder une p\u00e9riode de deux semaines pour toute r\u00e9vision de votre demande d\u2019admission.<\/li>\n<li>Si vous avez d\u00e9j\u00e0 \u00e9t\u00e9 enregistr\u00e9 auparavant avec l\u2019OHDNB ou avec la Soci\u00e9t\u00e9 dentaire du NB (avant le 19 juin 2009), veuillez communiquer avec la secr\u00e9taire g\u00e9n\u00e9rale.<\/li>\n<\/ol>\n<\/div><\/div><\/div><\/div><\/div><div class=\"fusion-fullwidth fullwidth-box fusion-builder-row-3 fusion-flex-container has-pattern-background has-mask-background nonhundred-percent-fullwidth non-hundred-percent-height-scrolling\" style=\"--awb-border-radius-top-left:0px;--awb-border-radius-top-right:0px;--awb-border-radius-bottom-right:0px;--awb-border-radius-bottom-left:0px;--awb-flex-wrap:wrap;\" ><div class=\"fusion-builder-row fusion-row fusion-flex-align-items-flex-start fusion-flex-content-wrap\" style=\"max-width:1664px;margin-left: calc(-4% \/ 2 );margin-right: calc(-4% \/ 2 );\"><div class=\"fusion-layout-column fusion_builder_column fusion-builder-column-2 fusion_builder_column_1_1 1_1 fusion-flex-column\" style=\"--awb-bg-size:cover;--awb-width-large:100%;--awb-margin-top-large:0px;--awb-spacing-right-large:1.92%;--awb-margin-bottom-large:20px;--awb-spacing-left-large:1.92%;--awb-width-medium:100%;--awb-order-medium:0;--awb-spacing-right-medium:1.92%;--awb-spacing-left-medium:1.92%;--awb-width-small:100%;--awb-order-small:0;--awb-spacing-right-small:1.92%;--awb-spacing-left-small:1.92%;\"><div class=\"fusion-column-wrapper fusion-column-has-shadow fusion-flex-justify-content-flex-start fusion-content-layout-column\"><div class=\"fusion-menu-anchor\" id=\"reg-b\"><\/div><div class=\"fusion-title title fusion-title-3 fusion-sep-none fusion-title-text fusion-title-size-four\"><h4 class=\"fusion-title-heading title-heading-left\" style=\"margin:0;\">B- Exigences pour l\u2019admission \u00e0 l\u2019OHDNB:<\/h4><\/div><div class=\"fusion-text fusion-text-2\"><ol>\n<li>Un formulaire d\u2019admission doit \u00eatre soumis \u00e0 la Secr\u00e9taire g\u00e9n\u00e9rale incluant toute documentation indiqu\u00e9e en section 2.<\/li>\n<li>Documentation exig\u00e9e:\n<ol type=\"a\">\n<li>les droits applicables;<\/li>\n<li>sa photo non mont\u00e9e, format passeport;<\/li>\n<li>une copie de son certificat de naissance ou de citoyennet\u00e9 ou d\u2019autres pi\u00e8ces d\u2019identit\u00e9 que la secr\u00e9taire g\u00e9n\u00e9rale estime satisfaisantes;<\/li>\n<li>une copie certifi\u00e9e conforme ou autre preuve des grades, dipl\u00f4mes et certificats relatifs \u00e0 un programme d\u2019\u00e9tudes en hygi\u00e8ne dentaire agr\u00e9\u00e9 par la Commission de l\u2019agr\u00e9ment dentaire du Canada ou \u00e0 un \u00e9quivalent reconnu par le Conseil;<\/li>\n<li>une preuve de titularit\u00e9 d\u2019un certificat d\u00e9livr\u00e9 par le Bureau national de la certification en hygi\u00e8ne dentaire ou d\u2019un \u00e9quivalent reconnu par le Conseil;<\/li>\n<li>une preuve d\u2019assurance de responsabilit\u00e9 d\u2019une valeur d\u2019un minimum de $2,000,000 par sinistre et $5,000,000 par p\u00e9riode d\u2019assurance;<\/li>\n<li>une attestation de comp\u00e9tence courante en r\u00e9animation (SIR avec oxyg\u00e9noth\u00e9rapie) -doit \u00eatre compl\u00e9t\u00e9 annuellement;<\/li>\n<li>un engagement d\u2019acqu\u00e9rir une connaissance convenable de la Loi et des pr\u00e9sentes r\u00e8gles dans les six mois qui suivent son admission;<\/li>\n<li>une preuve de r\u00e9ussite d\u2019un module ou de l\u2019\u00e9quivalent agr\u00e9\u00e9 par le Conseil, en fonction de la mention professionnelle particuli\u00e8re qu\u2019ele sollicite;<\/li>\n<li>tout autre document demand\u00e9 par la secr\u00e9taire g\u00e9n\u00e9rale.<\/li>\n<\/ol>\n<\/li>\n<\/ol>\n<\/div><\/div><\/div><\/div><\/div><div class=\"fusion-fullwidth fullwidth-box fusion-builder-row-4 fusion-flex-container has-pattern-background has-mask-background nonhundred-percent-fullwidth non-hundred-percent-height-scrolling\" style=\"--awb-border-radius-top-left:0px;--awb-border-radius-top-right:0px;--awb-border-radius-bottom-right:0px;--awb-border-radius-bottom-left:0px;--awb-flex-wrap:wrap;\" ><div class=\"fusion-builder-row fusion-row fusion-flex-align-items-flex-start fusion-flex-content-wrap\" style=\"max-width:1664px;margin-left: calc(-4% \/ 2 );margin-right: calc(-4% \/ 2 );\"><div class=\"fusion-layout-column fusion_builder_column fusion-builder-column-3 fusion_builder_column_1_1 1_1 fusion-flex-column\" style=\"--awb-bg-size:cover;--awb-width-large:100%;--awb-margin-top-large:0px;--awb-spacing-right-large:1.92%;--awb-margin-bottom-large:20px;--awb-spacing-left-large:1.92%;--awb-width-medium:100%;--awb-order-medium:0;--awb-spacing-right-medium:1.92%;--awb-spacing-left-medium:1.92%;--awb-width-small:100%;--awb-order-small:0;--awb-spacing-right-small:1.92%;--awb-spacing-left-small:1.92%;\"><div class=\"fusion-column-wrapper fusion-column-has-shadow fusion-flex-justify-content-flex-start fusion-content-layout-column\"><div class=\"fusion-menu-anchor\" id=\"reg-c\"><\/div><div class=\"fusion-title title fusion-title-4 fusion-sep-none fusion-title-text fusion-title-size-four\"><h4 class=\"fusion-title-heading title-heading-left\" style=\"margin:0;\">C-Postulant d\u00e9tenant un permis d\u2019une autre province au Canada :<\/h4><\/div><div class=\"fusion-text fusion-text-3\"><ol>\n<li>d\u00e9poser tous les documents mentionn\u00e9s en section B \u00e0 l\u2019exception des conditions suivantes:\n<ul>\n<li>indiquer de quel coll\u00e8ge ou de quelle universit\u00e9 le postulant a obtenu son dipl\u00f4me, ainsi que l\u2019ann\u00e9e du dipl\u00f4me ( aucun document n\u00e9cessaire);<\/li>\n<li>indiquer le num\u00e9ro de certificat re\u00e7u du Bureau national de la certification en hygi\u00e8ne dentaire, le cas \u00e9ch\u00e9ant( aucun document n\u00e9cessaire);<\/li>\n<\/ul>\n<\/li>\n<li>d\u00e9poser un certificat de r\u00e9gularit\u00e9 (verification de permis) obtenu de l\u2019organisme de r\u00e9glementation qui lui a d\u00e9livr\u00e9 son permis actuel;<\/li>\n<li>la secr\u00e9taire g\u00e9n\u00e9rale peut renoncer \u00e0 appliquer des modalit\u00e9s pr\u00e9vues aux pr\u00e9sentes r\u00e8gles.<\/li>\n<\/ol>\n<\/div><\/div><\/div><\/div><\/div><div class=\"fusion-fullwidth fullwidth-box fusion-builder-row-5 fusion-flex-container has-pattern-background has-mask-background nonhundred-percent-fullwidth non-hundred-percent-height-scrolling\" style=\"--awb-border-radius-top-left:0px;--awb-border-radius-top-right:0px;--awb-border-radius-bottom-right:0px;--awb-border-radius-bottom-left:0px;--awb-flex-wrap:wrap;\" ><div class=\"fusion-builder-row fusion-row fusion-flex-align-items-flex-start fusion-flex-content-wrap\" style=\"max-width:1664px;margin-left: calc(-4% \/ 2 );margin-right: calc(-4% \/ 2 );\"><div class=\"fusion-layout-column fusion_builder_column fusion-builder-column-4 fusion_builder_column_1_1 1_1 fusion-flex-column\" style=\"--awb-bg-size:cover;--awb-width-large:100%;--awb-margin-top-large:0px;--awb-spacing-right-large:1.92%;--awb-margin-bottom-large:20px;--awb-spacing-left-large:1.92%;--awb-width-medium:100%;--awb-order-medium:0;--awb-spacing-right-medium:1.92%;--awb-spacing-left-medium:1.92%;--awb-width-small:100%;--awb-order-small:0;--awb-spacing-right-small:1.92%;--awb-spacing-left-small:1.92%;\"><div class=\"fusion-column-wrapper fusion-column-has-shadow fusion-flex-justify-content-flex-start fusion-content-layout-column\"><div class=\"fusion-menu-anchor\" id=\"reg-d\"><\/div><div class=\"fusion-title title fusion-title-5 fusion-sep-none fusion-title-text fusion-title-size-four\"><h4 class=\"fusion-title-heading title-heading-left\" style=\"margin:0;\">D-Postulant dipl\u00f4m\u00e9 d\u2019un programme non-agr\u00e9\u00e9 d\u2019hygi\u00e8ne dentaire est tenue :<\/h4><\/div><div class=\"fusion-text fusion-text-4\"><ol type=\"a\">\n<li>de d\u00e9poser tous les documents en section (B);<\/li>\n<li>de r\u00e9ussir une \u00e9valuation clinique (CPEDH) accept\u00e9e par le Conseil.<\/li>\n<\/ol>\n<\/div><\/div><\/div><\/div><\/div><div class=\"fusion-fullwidth fullwidth-box fusion-builder-row-6 fusion-flex-container has-pattern-background has-mask-background nonhundred-percent-fullwidth non-hundred-percent-height-scrolling\" style=\"--awb-border-radius-top-left:0px;--awb-border-radius-top-right:0px;--awb-border-radius-bottom-right:0px;--awb-border-radius-bottom-left:0px;--awb-flex-wrap:wrap;\" ><div class=\"fusion-builder-row fusion-row fusion-flex-align-items-flex-start fusion-flex-content-wrap\" style=\"max-width:1664px;margin-left: calc(-4% \/ 2 );margin-right: calc(-4% \/ 2 );\"><div class=\"fusion-layout-column fusion_builder_column fusion-builder-column-5 fusion_builder_column_1_1 1_1 fusion-flex-column\" style=\"--awb-bg-size:cover;--awb-width-large:100%;--awb-margin-top-large:0px;--awb-spacing-right-large:1.92%;--awb-margin-bottom-large:20px;--awb-spacing-left-large:1.92%;--awb-width-medium:100%;--awb-order-medium:0;--awb-spacing-right-medium:1.92%;--awb-spacing-left-medium:1.92%;--awb-width-small:100%;--awb-order-small:0;--awb-spacing-right-small:1.92%;--awb-spacing-left-small:1.92%;\"><div class=\"fusion-column-wrapper fusion-column-has-shadow fusion-flex-justify-content-flex-start fusion-content-layout-column\"><div class=\"fusion-menu-anchor\" id=\"reg-e\"><\/div><div class=\"fusion-title title fusion-title-6 fusion-sep-none fusion-title-text fusion-title-size-four\"><h4 class=\"fusion-title-heading title-heading-left\" style=\"margin:0;\">E-Laps de pratique en hygi\u00e8ne dentaire:<\/h4><\/div><div class=\"fusion-text fusion-text-5\"><p>Tout postulant qui n\u2019a pas exerc\u00e9 la profession d\u2019hygi\u00e9niste dentaire au cours des trois ann\u00e9es pr\u00e9c\u00e9dant sa demande d\u2019admission doit d\u00e9montrer qu\u2019elle a suivi avec succ\u00e8s les cours d\u2019\u00e9ducation prescrits par le Conseil et peut \u00eatre assujettie \u00e0 un ou plusieurs examens impos\u00e9s par r\u00e9solution du Conseil. Tout postulant n\u2019ayant pas exercer la pratique d\u2019hygi\u00e8ne dentaire durant trois ans devra compl\u00e9ter un cours de recyclage approuv\u00e9 par l\u2019OHDNB. Pri\u00e8re de communiquer avec la Secr\u00e9taire g\u00e9n\u00e9rale pour recevoir plus d\u2019information.<\/p>\n<\/div><\/div><\/div><\/div><\/div><div class=\"fusion-fullwidth fullwidth-box fusion-builder-row-7 fusion-flex-container has-pattern-background has-mask-background nonhundred-percent-fullwidth non-hundred-percent-height-scrolling\" style=\"--awb-border-radius-top-left:0px;--awb-border-radius-top-right:0px;--awb-border-radius-bottom-right:0px;--awb-border-radius-bottom-left:0px;--awb-flex-wrap:wrap;\" ><div class=\"fusion-builder-row fusion-row fusion-flex-align-items-flex-start fusion-flex-content-wrap\" style=\"max-width:1664px;margin-left: calc(-4% \/ 2 );margin-right: calc(-4% \/ 2 );\"><div class=\"fusion-layout-column fusion_builder_column fusion-builder-column-6 fusion_builder_column_1_1 1_1 fusion-flex-column\" style=\"--awb-bg-size:cover;--awb-width-large:100%;--awb-margin-top-large:0px;--awb-spacing-right-large:1.92%;--awb-margin-bottom-large:20px;--awb-spacing-left-large:1.92%;--awb-width-medium:100%;--awb-order-medium:0;--awb-spacing-right-medium:1.92%;--awb-spacing-left-medium:1.92%;--awb-width-small:100%;--awb-order-small:0;--awb-spacing-right-small:1.92%;--awb-spacing-left-small:1.92%;\"><div class=\"fusion-column-wrapper fusion-column-has-shadow fusion-flex-justify-content-flex-start fusion-content-layout-column\"><div class=\"fusion-menu-anchor\" id=\"reg-f\"><\/div><div class=\"fusion-title title fusion-title-7 fusion-sep-none fusion-title-text fusion-title-size-four\"><h4 class=\"fusion-title-heading title-heading-left\" style=\"margin:0;\">F-Exigences pour tous nouveaux postulants:<\/h4><\/div><div class=\"fusion-text fusion-text-6\"><p>Tout postulant qui n\u2019a pas exerc\u00e9 la profession d\u2019hygi\u00e9niste dentaire au cours des trois ann\u00e9es pr\u00e9c\u00e9dant sa demande d\u2019admission doit d\u00e9montrer qu\u2019elle a suivi avec succ\u00e8s les cours d\u2019\u00e9ducation prescrits par le Conseil et peut \u00eatre assujettie \u00e0 un ou plusieurs examens impos\u00e9s par r\u00e9solution du Conseil. Tout postulant n\u2019ayant pas exercer la pratique d\u2019hygi\u00e8ne dentaire durant trois ans devra compl\u00e9ter un cours de recyclage approuv\u00e9 par l\u2019OHDNB. Pri\u00e8re de communiquer avec la Secr\u00e9taire g\u00e9n\u00e9rale pour recevoir plus d\u2019information.<\/p>\n<\/div><\/div><\/div><\/div><\/div><div class=\"fusion-fullwidth fullwidth-box fusion-builder-row-8 fusion-flex-container has-pattern-background has-mask-background nonhundred-percent-fullwidth non-hundred-percent-height-scrolling\" style=\"--awb-border-radius-top-left:0px;--awb-border-radius-top-right:0px;--awb-border-radius-bottom-right:0px;--awb-border-radius-bottom-left:0px;--awb-flex-wrap:wrap;\" ><div class=\"fusion-builder-row fusion-row fusion-flex-align-items-flex-start fusion-flex-content-wrap\" style=\"max-width:1664px;margin-left: calc(-4% \/ 2 );margin-right: calc(-4% \/ 2 );\"><div class=\"fusion-layout-column fusion_builder_column fusion-builder-column-7 fusion_builder_column_1_1 1_1 fusion-flex-column\" style=\"--awb-bg-size:cover;--awb-width-large:100%;--awb-margin-top-large:0px;--awb-spacing-right-large:1.92%;--awb-margin-bottom-large:20px;--awb-spacing-left-large:1.92%;--awb-width-medium:100%;--awb-order-medium:0;--awb-spacing-right-medium:1.92%;--awb-spacing-left-medium:1.92%;--awb-width-small:100%;--awb-order-small:0;--awb-spacing-right-small:1.92%;--awb-spacing-left-small:1.92%;\"><div class=\"fusion-column-wrapper fusion-column-has-shadow fusion-flex-justify-content-flex-start fusion-content-layout-column\"><div class=\"fusion-menu-anchor\" id=\"reg-renewal\"><\/div><div class=\"fusion-title title fusion-title-8 fusion-sep-none fusion-title-text fusion-title-size-four\"><h4 class=\"fusion-title-heading title-heading-left\" style=\"margin:0;\">RENOUVELLEMENT DU PERMIS<\/h4><\/div><div class=\"fusion-text fusion-text-7\"><p>La p\u00e9riode de renouvellement pour le permis de pratique d\u00e9butera \u00e0 la mi-octobre de l\u2019ann\u00e9e courante au 30 novembre. Veuillez communiquer avec la Secr\u00e9taire g\u00e9n\u00e9rale pour toute demande avant ou apr\u00e8s ces dates. Le formulaire sera disponible sous la section des membres sur le site web \u00e0 partir du d\u00e9but d\u00e9cembre.<\/p>\n<\/div><\/div><\/div><\/div><\/div><div class=\"fusion-fullwidth fullwidth-box fusion-builder-row-9 fusion-flex-container has-pattern-background has-mask-background nonhundred-percent-fullwidth non-hundred-percent-height-scrolling\" style=\"--awb-border-radius-top-left:0px;--awb-border-radius-top-right:0px;--awb-border-radius-bottom-right:0px;--awb-border-radius-bottom-left:0px;--awb-flex-wrap:wrap;\" ><div class=\"fusion-builder-row fusion-row fusion-flex-align-items-flex-start fusion-flex-content-wrap\" style=\"max-width:1664px;margin-left: calc(-4% \/ 2 );margin-right: calc(-4% \/ 2 );\"><div class=\"fusion-layout-column fusion_builder_column fusion-builder-column-8 fusion_builder_column_1_1 1_1 fusion-flex-column\" style=\"--awb-bg-size:cover;--awb-width-large:100%;--awb-margin-top-large:0px;--awb-spacing-right-large:1.92%;--awb-margin-bottom-large:20px;--awb-spacing-left-large:1.92%;--awb-width-medium:100%;--awb-order-medium:0;--awb-spacing-right-medium:1.92%;--awb-spacing-left-medium:1.92%;--awb-width-small:100%;--awb-order-small:0;--awb-spacing-right-small:1.92%;--awb-spacing-left-small:1.92%;\"><div class=\"fusion-column-wrapper fusion-column-has-shadow fusion-flex-justify-content-flex-start fusion-content-layout-column\"><div class=\"fusion-menu-anchor\" id=\"reg-renew\"><\/div><div class=\"fusion-title title fusion-title-9 fusion-sep-none fusion-title-text fusion-title-size-four\"><h4 class=\"fusion-title-heading title-heading-left\" style=\"margin:0;\">RENOUVELLEMENT DU PERMIS<\/h4><\/div><div class=\"fusion-text fusion-text-8\"><p>La p\u00e9riode de renouvellement pour le permis de pratique d\u00e9butera \u00e0 la mi-octobre de l\u2019ann\u00e9e courante au 30 novembre. Veuillez communiquer avec la Secr\u00e9taire g\u00e9n\u00e9rale pour toute demande avant ou apr\u00e8s ces dates. Le formulaire sera disponible sous la section des membres sur le site web \u00e0 partir du d\u00e9but d\u00e9cembre.<\/p>\n<\/div><\/div><\/div><\/div><\/div><div class=\"fusion-fullwidth fullwidth-box fusion-builder-row-10 fusion-flex-container has-pattern-background has-mask-background nonhundred-percent-fullwidth non-hundred-percent-height-scrolling\" style=\"--awb-border-radius-top-left:0px;--awb-border-radius-top-right:0px;--awb-border-radius-bottom-right:0px;--awb-border-radius-bottom-left:0px;--awb-flex-wrap:wrap;\" ><div class=\"fusion-builder-row fusion-row fusion-flex-align-items-flex-start fusion-flex-content-wrap\" style=\"max-width:1664px;margin-left: calc(-4% \/ 2 );margin-right: calc(-4% \/ 2 );\"><div class=\"fusion-layout-column fusion_builder_column fusion-builder-column-9 fusion_builder_column_1_1 1_1 fusion-flex-column\" style=\"--awb-bg-size:cover;--awb-width-large:100%;--awb-margin-top-large:0px;--awb-spacing-right-large:1.92%;--awb-margin-bottom-large:20px;--awb-spacing-left-large:1.92%;--awb-width-medium:100%;--awb-order-medium:0;--awb-spacing-right-medium:1.92%;--awb-spacing-left-medium:1.92%;--awb-width-small:100%;--awb-order-small:0;--awb-spacing-right-small:1.92%;--awb-spacing-left-small:1.92%;\"><div class=\"fusion-column-wrapper fusion-column-has-shadow fusion-flex-justify-content-flex-start fusion-content-layout-column\"><div class=\"fusion-menu-anchor\" id=\"reg-transfer\"><\/div><div class=\"fusion-title title fusion-title-10 fusion-sep-none fusion-title-text fusion-title-size-four\"><h4 class=\"fusion-title-heading title-heading-left\" style=\"margin:0;\">TRANSFERT D\u2019UN STATUT NON-PRATICIEN A UN PERMIS PRATICIEN<\/h4><\/div><div class=\"fusion-text fusion-text-9\"><p>Le statut non-praticien peut \u00eatre accord\u00e9 \u00e0 une hygi\u00e9niste dentaire enregistr\u00e9e au NB qui n\u2019exerce pas la pratique d\u2019hygi\u00e8ne dentaire durant la p\u00e9riode du permis courante (1er janvier au 31 d\u00e9cembre) et est un membre en r\u00e8gle avec l\u2019Ordre.<\/p>\n<p>Pour un membre non-praticien d\u00e9sirant changer son statut de membre \u00e0 un membre praticien, vous devez soumettre la solde des frais pour un permis praticien. Le frais initial pour membre non-praticien aura \u00e9t\u00e9 cr\u00e9dit\u00e9 envers votre permis praticien si la demande est fait dans la m\u00eame ann\u00e9e. Voir le Bar\u00eame des frais ci-dessous pour les d\u00e9tails. Vous devez fournir une preuve d\u2019un certificat \u00e0 jour de RCR niveau C et ainsi une preuve d\u2019assurance responsabilit\u00e9 personnelle. Veuillez communiquer avec la Secr\u00e9taire g\u00e9n\u00e9rale pour d\u00e9terminer les exigences en comp\u00e9tences et formation professionnelle qui pourraient \u00eatre impos\u00e9es pour le transfert de statut.<\/p>\n<\/div><\/div><\/div><\/div><\/div><div class=\"fusion-fullwidth fullwidth-box fusion-builder-row-11 fusion-flex-container has-pattern-background has-mask-background nonhundred-percent-fullwidth non-hundred-percent-height-scrolling\" style=\"--awb-border-radius-top-left:0px;--awb-border-radius-top-right:0px;--awb-border-radius-bottom-right:0px;--awb-border-radius-bottom-left:0px;--awb-flex-wrap:wrap;\" ><div class=\"fusion-builder-row fusion-row fusion-flex-align-items-flex-start fusion-flex-content-wrap\" style=\"max-width:1664px;margin-left: calc(-4% \/ 2 );margin-right: calc(-4% \/ 2 );\"><div class=\"fusion-layout-column fusion_builder_column fusion-builder-column-10 fusion_builder_column_1_1 1_1 fusion-flex-column\" style=\"--awb-bg-size:cover;--awb-width-large:100%;--awb-margin-top-large:0px;--awb-spacing-right-large:1.92%;--awb-margin-bottom-large:20px;--awb-spacing-left-large:1.92%;--awb-width-medium:100%;--awb-order-medium:0;--awb-spacing-right-medium:1.92%;--awb-spacing-left-medium:1.92%;--awb-width-small:100%;--awb-order-small:0;--awb-spacing-right-small:1.92%;--awb-spacing-left-small:1.92%;\"><div class=\"fusion-column-wrapper fusion-column-has-shadow fusion-flex-justify-content-flex-start fusion-content-layout-column\"><div class=\"fusion-menu-anchor\" id=\"reg-fees\"><\/div><div class=\"fusion-title title fusion-title-11 fusion-sep-none fusion-title-text fusion-title-size-four\"><h4 class=\"fusion-title-heading title-heading-left\" style=\"margin:0;\"><p><a href=\"https:\/\/www.nbcdh.ca\/wp-content\/uploads\/2023\/10\/BAREME-DES-FRAIS-DE-COTISATIONS-2024.pdf\">BAREME DES FRAIS (PERMIS 2024)<\/a><\/p>\n<p><a href=\"https:\/\/www.nbcdh.ca\/wp-content\/uploads\/2025\/10\/BAREME-DES-FRAIS-DE-COTISATIONS-2026.pdf\">BAREME DES FRAIS ( FRAIS EN VIGUEUR EN DATE DU PERMIS 2026)<\/a><\/p><\/h4><\/div><\/div><\/div><\/div><\/div><\/p>\n","protected":false},"excerpt":{"rendered":"","protected":false},"author":1,"featured_media":0,"parent":0,"menu_order":0,"comment_status":"closed","ping_status":"closed","template":"","meta":{"footnotes":""},"class_list":["post-742","page","type-page","status-publish","hentry"],"_links":{"self":[{"href":"https:\/\/www.nbcdh.ca\/fr\/wp-json\/wp\/v2\/pages\/742","targetHints":{"allow":["GET"]}}],"collection":[{"href":"https:\/\/www.nbcdh.ca\/fr\/wp-json\/wp\/v2\/pages"}],"about":[{"href":"https:\/\/www.nbcdh.ca\/fr\/wp-json\/wp\/v2\/types\/page"}],"author":[{"embeddable":true,"href":"https:\/\/www.nbcdh.ca\/fr\/wp-json\/wp\/v2\/users\/1"}],"replies":[{"embeddable":true,"href":"https:\/\/www.nbcdh.ca\/fr\/wp-json\/wp\/v2\/comments?post=742"}],"version-history":[{"count":16,"href":"https:\/\/www.nbcdh.ca\/fr\/wp-json\/wp\/v2\/pages\/742\/revisions"}],"predecessor-version":[{"id":1497,"href":"https:\/\/www.nbcdh.ca\/fr\/wp-json\/wp\/v2\/pages\/742\/revisions\/1497"}],"wp:attachment":[{"href":"https:\/\/www.nbcdh.ca\/fr\/wp-json\/wp\/v2\/media?parent=742"}],"curies":[{"name":"wp","href":"https:\/\/api.w.org\/{rel}","templated":true}]}}